{"id":2847,"date":"2021-09-25T11:26:37","date_gmt":"2021-09-25T11:26:37","guid":{"rendered":"https:\/\/dev.sakyatradition.org\/?page_id=2847"},"modified":"2022-03-23T19:37:21","modified_gmt":"2022-03-23T19:37:21","slug":"sakya-dolma-phodrang","status":"publish","type":"page","link":"https:\/\/sakyatradition.org\/cn\/biographies-categories\/sakya-dolma-phodrang\/","title":{"rendered":"\u8428\u8fe6\u5ea6\u6bcd\u5bab"},"content":{"rendered":"<div class=\"wp-block-columns\">\n<div class=\"wp-block-column\" style=\"flex-basis:66.66%\">\n<p>\u8428\u8fe6\u5ea6\u6bcd\u5bab\u662f\u8428\u8fe6\u6d3e\u6606\u6c0f\u5bb6\u65cf\u4f20\u627f\u7684\u4e24\u4e2a\u5206\u652f\u4e4b\u4e00\uff0c\u4e5f\u662f\u8428\u8fe6\u6d3e\u5728\u897f\u85cf\u7684\u5177\u4f53\u4f4f\u6240\u6216\u5bab\u6bbf\uff08\u85cf\uff1a\u9887\u7ae0\uff09\u7684\u540d\u79f0\u3002\u8428\u8fe6\u5ea6\u6bcd\u5bab\u662f\u7531\u8428\u8fe6\u6d3e\u7b2c33\u4efb\u6cd5\u738b\u8d1d\u739b\u5806\u65fa\u79cb\u521b\u7acb\u7684\u3002 \u8d1d\u739b\u5806\u65fa\u79cb\u662f\u7b2c32\u4efb\u8428\u8fe6\u6cd5\u738b\u848b\u8d21\u65fa\u5806\u5b81\u6ce2\u7684\u957f\u5b50\u3002<\/p>\n<\/div>\n\n\n\n<div class=\"wp-block-column\" style=\"flex-basis:33.33%\"><\/div>\n<\/div>","protected":false},"excerpt":{"rendered":"<p>Sakya Dolma Phodrang is one of the two branches of the Kh\u00f6n family\u00a0lineage of the Sakya\u00a0Order. It was also the name for its physical residence or palace (Tib.\u00a0podrang) in Tibet. The Sakya Dolma Phodrang was founded by Pema D\u00fcdul Wangchuk, the thirty-third Sakya throneholder. He was the eldest son of Jamg\u00f6n Wangd\u00fc Nyingpo (the thirty-second [&#8230;]<\/p>\n<p><a class=\"btn btn-secondary understrap-read-more-link\" href=\"https:\/\/sakyatradition.org\/cn\/biographies-categories\/sakya-dolma-phodrang\/\">Read More&#8230;<\/a><\/p>","protected":false},"author":3,"featured_media":0,"parent":2868,"menu_order":0,"comment_status":"closed","ping_status":"closed","template":"tmpl-biographies_hierarchy.php","meta":{"_relevanssi_hide_post":"","_relevanssi_pin_for_all":"","_relevanssi_pin_keywords":"","_relevanssi_unpin_keywords":"","_relevanssi_related_keywords":"","_relevanssi_related_include_ids":"","_relevanssi_related_exclude_ids":"","_relevanssi_related_no_append":"","_relevanssi_related_not_related":"","_relevanssi_related_posts":"9393,9403,9409,33,12,60","_relevanssi_noindex_reason":""},"_links":{"self":[{"href":"https:\/\/sakyatradition.org\/cn\/wp-json\/wp\/v2\/pages\/2847"}],"collection":[{"href":"https:\/\/sakyatradition.org\/cn\/wp-json\/wp\/v2\/pages"}],"about":[{"href":"https:\/\/sakyatradition.org\/cn\/wp-json\/wp\/v2\/types\/page"}],"author":[{"embeddable":true,"href":"https:\/\/sakyatradition.org\/cn\/wp-json\/wp\/v2\/users\/3"}],"replies":[{"embeddable":true,"href":"https:\/\/sakyatradition.org\/cn\/wp-json\/wp\/v2\/comments?post=2847"}],"version-history":[{"count":15,"href":"https:\/\/sakyatradition.org\/cn\/wp-json\/wp\/v2\/pages\/2847\/revisions"}],"predecessor-version":[{"id":10716,"href":"https:\/\/sakyatradition.org\/cn\/wp-json\/wp\/v2\/pages\/2847\/revisions\/10716"}],"up":[{"embeddable":true,"href":"https:\/\/sakyatradition.org\/cn\/wp-json\/wp\/v2\/pages\/2868"}],"wp:attachment":[{"href":"https:\/\/sakyatradition.org\/cn\/wp-json\/wp\/v2\/media?parent=2847"}],"curies":[{"name":"wp","href":"https:\/\/api.w.org\/{rel}","templated":true}]}}