{"id":10968,"date":"2022-06-08T23:11:52","date_gmt":"2022-06-08T23:11:52","guid":{"rendered":"https:\/\/sakyatradition.org\/?page_id=10968"},"modified":"2022-06-08T23:20:10","modified_gmt":"2022-06-08T23:20:10","slug":"featured-posts","status":"publish","type":"page","link":"https:\/\/sakyatradition.org\/es\/activities\/featured-posts\/","title":{"rendered":"Entradas destacadas"},"content":{"rendered":"<div data-elementor-type=\"wp-page\" data-elementor-id=\"10968\" class=\"elementor elementor-10968\" data-elementor-settings=\"[]\">\n\t\t\t\t\t\t<div class=\"elementor-inner\">\n\t\t\t\t\t\t\t<div class=\"elementor-section-wrap\">\n\t\t\t\t\t\t\t<section class=\"elementor-section elementor-top-section elementor-element elementor-element-6484b6d1 elementor-section-height-min-height elementor-section-boxed elementor-section-height-default elementor-section-items-middle\" data-id=\"6484b6d1\" data-element_type=\"section\" data-settings=\"{&quot;background_background&quot;:&quot;classic&quot;}\">\n\t\t\t\t\t\t<div class=\"elementor-container elementor-column-gap-default\">\n\t\t\t\t\t\t\t<div class=\"elementor-row\">\n\t\t\t\t\t<div class=\"elementor-column elementor-col-100 elementor-top-column elementor-element elementor-element-e4a19fb\" data-id=\"e4a19fb\" data-element_type=\"column\">\n\t\t\t<div class=\"elementor-column-wrap elementor-element-populated\">\n\t\t\t\t\t\t\t<div class=\"elementor-widget-wrap\">\n\t\t\t\t\t\t\t\t<\/div>\n\t\t\t\t\t<\/div>\n\t\t<\/div>\n\t\t\t\t\t\t\t\t<\/div>\n\t\t\t\t\t<\/div>\n\t\t<\/section>\n\t\t\t\t<section class=\"elementor-section elementor-top-section elementor-element elementor-element-45762b17 elementor-section-content-middle elementor-section-boxed elementor-section-height-default elementor-section-height-default\" data-id=\"45762b17\" data-element_type=\"section\">\n\t\t\t\t\t\t<div class=\"elementor-container elementor-column-gap-no\">\n\t\t\t\t\t\t\t<div class=\"elementor-row\">\n\t\t\t\t\t<div class=\"elementor-column elementor-col-100 elementor-top-column elementor-element elementor-element-4c84bb0e\" data-id=\"4c84bb0e\" data-element_type=\"column\">\n\t\t\t<div class=\"elementor-column-wrap elementor-element-populated\">\n\t\t\t\t\t\t\t<div class=\"elementor-widget-wrap\">\n\t\t\t\t\t\t<div class=\"elementor-element elementor-element-1e74a1d9 elementor-posts--align-left elementor-grid-3 elementor-grid-tablet-2 elementor-grid-mobile-1 elementor-posts--thumbnail-top elementor-posts--show-avatar elementor-posts__hover-gradient elementor-widget elementor-widget-posts\" data-id=\"1e74a1d9\" data-element_type=\"widget\" data-settings=\"{&quot;cards_row_gap&quot;:{&quot;unit&quot;:&quot;px&quot;,&quot;size&quot;:55,&quot;sizes&quot;:[]},&quot;cards_columns&quot;:&quot;3&quot;,&quot;cards_columns_tablet&quot;:&quot;2&quot;,&quot;cards_columns_mobile&quot;:&quot;1&quot;,&quot;cards_row_gap_tablet&quot;:{&quot;unit&quot;:&quot;px&quot;,&quot;size&quot;:&quot;&quot;,&quot;sizes&quot;:[]},&quot;cards_row_gap_mobile&quot;:{&quot;unit&quot;:&quot;px&quot;,&quot;size&quot;:&quot;&quot;,&quot;sizes&quot;:[]}}\" data-widget_type=\"posts.cards\">\n\t\t\t\t<div class=\"elementor-widget-container\">\n\t\t\t\t\t<div class=\"elementor-posts-container elementor-posts elementor-posts--skin-cards elementor-grid\">\n\t\t\t\t<article class=\"elementor-post elementor-grid-item post-9409 post type-post status-publish format-standard has-post-thumbnail hentry category-featured\">\n\t\t\t<div class=\"elementor-post__card\">\n\t\t\t\t<a class=\"elementor-post__thumbnail__link\" href=\"https:\/\/sakyatradition.org\/es\/introduction-to-madhyamaka\/\" ><div class=\"elementor-post__thumbnail\"><img width=\"855\" height=\"895\" src=\"https:\/\/sakyatradition.org\/wp-content\/uploads\/2022\/03\/featured3.jpg\" class=\"attachment-full size-full\" alt=\"\" loading=\"lazy\" srcset=\"https:\/\/sakyatradition.org\/wp-content\/uploads\/2022\/03\/featured3.jpg 855w, https:\/\/sakyatradition.org\/wp-content\/uploads\/2022\/03\/featured3-287x300.jpg 287w, https:\/\/sakyatradition.org\/wp-content\/uploads\/2022\/03\/featured3-768x804.jpg 768w, https:\/\/sakyatradition.org\/wp-content\/uploads\/2022\/03\/featured3-11x12.jpg 11w\" sizes=\"(max-width: 855px) 100vw, 855px\" \/><\/div><\/a>\n\t\t\t\t<div class=\"elementor-post__avatar\">\n\t\t\t<img alt='tim kness' src='https:\/\/secure.gravatar.com\/avatar\/b2857aac565f2528fa7a6da34312fd8b?s=128&#038;d=mm&#038;r=g' srcset='https:\/\/secure.gravatar.com\/avatar\/b2857aac565f2528fa7a6da34312fd8b?s=256&#038;d=mm&#038;r=g 2x' class='avatar avatar-128 photo' height='128' width='128' loading='lazy'\/>\t\t<\/div>\n\t\t\t\t<div class=\"elementor-post__text\">\n\t\t\t\t<h3 class=\"elementor-post__title\">\n\t\t\t<a href=\"https:\/\/sakyatradition.org\/es\/introduction-to-madhyamaka\/\" >\n\t\t\t\tIntroducci\u00f3n al Madhyamaka\t\t\t<\/a>\n\t\t<\/h3>\n\t\t\t\t<div class=\"elementor-post__excerpt\">\n\t\t\t<p>The emptiness or shunyata view is the ultimate truth taught by Lord Buddha, which is expressed in the view of Madhyamaka, the Middle Way school. [&#8230;]<\/p>\n<p><a class=\"btn btn-secondary understrap-read-more-link\" href=\"https:\/\/sakyatradition.org\/es\/introduction-to-madhyamaka\/\">Read More&#8230;<\/a><\/p>\n\t\t<\/div>\n\t\t\t\t\t<a class=\"elementor-post__read-more\" href=\"https:\/\/sakyatradition.org\/es\/introduction-to-madhyamaka\/\" >\n\t\t\t\tM\u00e1s informaci\u00f3n\t\t\t<\/a>\n\t\t\t\t<\/div>\n\t\t\t\t<div class=\"elementor-post__meta-data\">\n\t\t\t\t\t<span class=\"elementor-post-date\">\n\t\t\tMarch 17, 2022\t\t<\/span>\n\t\t\t\t<\/div>\n\t\t\t\t\t<\/div>\n\t\t<\/article>\n\t\t\t\t<article class=\"elementor-post elementor-grid-item post-9403 post type-post status-publish format-standard has-post-thumbnail hentry category-featured tag-dharma-teachings\">\n\t\t\t<div class=\"elementor-post__card\">\n\t\t\t\t<a class=\"elementor-post__thumbnail__link\" href=\"https:\/\/sakyatradition.org\/es\/chotrul-duchen-celebration\/\" ><div class=\"elementor-post__thumbnail\"><img width=\"855\" height=\"895\" src=\"https:\/\/sakyatradition.org\/wp-content\/uploads\/2022\/03\/Sakay-Featured-2-1.jpg\" class=\"attachment-full size-full\" alt=\"\" loading=\"lazy\" srcset=\"https:\/\/sakyatradition.org\/wp-content\/uploads\/2022\/03\/Sakay-Featured-2-1.jpg 855w, https:\/\/sakyatradition.org\/wp-content\/uploads\/2022\/03\/Sakay-Featured-2-1-287x300.jpg 287w, https:\/\/sakyatradition.org\/wp-content\/uploads\/2022\/03\/Sakay-Featured-2-1-768x804.jpg 768w, https:\/\/sakyatradition.org\/wp-content\/uploads\/2022\/03\/Sakay-Featured-2-1-11x12.jpg 11w\" sizes=\"(max-width: 855px) 100vw, 855px\" \/><\/div><\/a>\n\t\t\t\t<div class=\"elementor-post__avatar\">\n\t\t\t<img alt='tim kness' src='https:\/\/secure.gravatar.com\/avatar\/b2857aac565f2528fa7a6da34312fd8b?s=128&#038;d=mm&#038;r=g' srcset='https:\/\/secure.gravatar.com\/avatar\/b2857aac565f2528fa7a6da34312fd8b?s=256&#038;d=mm&#038;r=g 2x' class='avatar avatar-128 photo' height='128' width='128' loading='lazy'\/>\t\t<\/div>\n\t\t\t\t<div class=\"elementor-post__text\">\n\t\t\t\t<h3 class=\"elementor-post__title\">\n\t\t\t<a href=\"https:\/\/sakyatradition.org\/es\/chotrul-duchen-celebration\/\" >\n\t\t\t\tCelebraci\u00f3n de Chotrul D\u00fcchen\t\t\t<\/a>\n\t\t<\/h3>\n\t\t\t\t<div class=\"elementor-post__excerpt\">\n\t\t\t<p>Two New German Translated Teachings Are Published On this Chotrul D\u00fcchen, the &#8216;Festival of Miracles&#8217;, we are thrilled to share with you the German translation [&#8230;]<\/p>\n<p><a class=\"btn btn-secondary understrap-read-more-link\" href=\"https:\/\/sakyatradition.org\/es\/chotrul-duchen-celebration\/\">Read More&#8230;<\/a><\/p>\n\t\t<\/div>\n\t\t\t\t\t<a class=\"elementor-post__read-more\" href=\"https:\/\/sakyatradition.org\/es\/chotrul-duchen-celebration\/\" >\n\t\t\t\tM\u00e1s informaci\u00f3n\t\t\t<\/a>\n\t\t\t\t<\/div>\n\t\t\t\t<div class=\"elementor-post__meta-data\">\n\t\t\t\t\t<span class=\"elementor-post-date\">\n\t\t\tMarch 17, 2022\t\t<\/span>\n\t\t\t\t<\/div>\n\t\t\t\t\t<\/div>\n\t\t<\/article>\n\t\t\t\t<article class=\"elementor-post elementor-grid-item post-9393 post type-post status-publish format-standard has-post-thumbnail hentry category-featured\">\n\t\t\t<div class=\"elementor-post__card\">\n\t\t\t\t<a class=\"elementor-post__thumbnail__link\" href=\"https:\/\/sakyatradition.org\/es\/the-enthronement-ceremony-of-his-holiness-the-43rd-sakya-trizin\/\" ><div class=\"elementor-post__thumbnail\"><img width=\"855\" height=\"895\" src=\"https:\/\/sakyatradition.org\/wp-content\/uploads\/2022\/03\/HH43-Enthronement-1.jpg\" class=\"attachment-full size-full\" alt=\"HH43 Enthronement\" loading=\"lazy\" srcset=\"https:\/\/sakyatradition.org\/wp-content\/uploads\/2022\/03\/HH43-Enthronement-1.jpg 855w, https:\/\/sakyatradition.org\/wp-content\/uploads\/2022\/03\/HH43-Enthronement-1-287x300.jpg 287w, https:\/\/sakyatradition.org\/wp-content\/uploads\/2022\/03\/HH43-Enthronement-1-768x804.jpg 768w, https:\/\/sakyatradition.org\/wp-content\/uploads\/2022\/03\/HH43-Enthronement-1-11x12.jpg 11w\" sizes=\"(max-width: 855px) 100vw, 855px\" \/><\/div><\/a>\n\t\t\t\t<div class=\"elementor-post__avatar\">\n\t\t\t<img alt='tim kness' src='https:\/\/secure.gravatar.com\/avatar\/b2857aac565f2528fa7a6da34312fd8b?s=128&#038;d=mm&#038;r=g' srcset='https:\/\/secure.gravatar.com\/avatar\/b2857aac565f2528fa7a6da34312fd8b?s=256&#038;d=mm&#038;r=g 2x' class='avatar avatar-128 photo' height='128' width='128' loading='lazy'\/>\t\t<\/div>\n\t\t\t\t<div class=\"elementor-post__text\">\n\t\t\t\t<h3 class=\"elementor-post__title\">\n\t\t\t<a href=\"https:\/\/sakyatradition.org\/es\/the-enthronement-ceremony-of-his-holiness-the-43rd-sakya-trizin\/\" >\n\t\t\t\tCeremonia de entronizaci\u00f3n de Su Santidad el 43\u00ba Sakya Trizin\t\t\t<\/a>\n\t\t<\/h3>\n\t\t\t\t<div class=\"elementor-post__excerpt\">\n\t\t\t<p>This week we celebrate the enthronement of Khondung Gyana Vajra Rinpoche as His Holiness the 43rd Sakya Trizin, Gyana Vajra Rinpoche. The ceremonies will be [&#8230;]<\/p>\n<p><a class=\"btn btn-secondary understrap-read-more-link\" href=\"https:\/\/sakyatradition.org\/es\/the-enthronement-ceremony-of-his-holiness-the-43rd-sakya-trizin\/\">Read More&#8230;<\/a><\/p>\n\t\t<\/div>\n\t\t\t\t\t<a class=\"elementor-post__read-more\" href=\"https:\/\/sakyatradition.org\/es\/the-enthronement-ceremony-of-his-holiness-the-43rd-sakya-trizin\/\" >\n\t\t\t\tM\u00e1s informaci\u00f3n\t\t\t<\/a>\n\t\t\t\t<\/div>\n\t\t\t\t<div class=\"elementor-post__meta-data\">\n\t\t\t\t\t<span class=\"elementor-post-date\">\n\t\t\tMarch 17, 2022\t\t<\/span>\n\t\t\t\t<\/div>\n\t\t\t\t\t<\/div>\n\t\t<\/article>\n\t\t\t\t<\/div>\n\n\n\t\t\n\t\t\t\t<\/div>\n\t\t\t\t<\/div>\n\t\t\t\t\t\t<\/div>\n\t\t\t\t\t<\/div>\n\t\t<\/div>\n\t\t\t\t\t\t\t\t<\/div>\n\t\t\t\t\t<\/div>\n\t\t<\/section>\n\t\t\t\t<section class=\"elementor-section elementor-top-section elementor-element elementor-element-2da8da84 elementor-section-content-middle elementor-section-boxed elementor-section-height-default elementor-section-height-default\" data-id=\"2da8da84\" data-element_type=\"section\" data-settings=\"{&quot;background_background&quot;:&quot;classic&quot;}\">\n\t\t\t\t\t\t\t<div class=\"elementor-background-overlay\"><\/div>\n\t\t\t\t\t\t\t<div class=\"elementor-container elementor-column-gap-no\">\n\t\t\t\t\t\t\t<div class=\"elementor-row\">\n\t\t\t\t\t<div class=\"elementor-column elementor-col-100 elementor-top-column elementor-element elementor-element-fd6ade0\" data-id=\"fd6ade0\" data-element_type=\"column\">\n\t\t\t<div class=\"elementor-column-wrap elementor-element-populated\">\n\t\t\t\t\t\t\t<div class=\"elementor-widget-wrap\">\n\t\t\t\t\t\t<div class=\"elementor-element elementor-element-5c44d8ba elementor-widget elementor-widget-heading\" data-id=\"5c44d8ba\" data-element_type=\"widget\" data-widget_type=\"heading.default\">\n\t\t\t\t<div class=\"elementor-widget-container\">\n\t\t\t<h2 class=\"elementor-heading-title elementor-size-default\">Suscr\u00edbase a nuestro bolet\u00edn<\/h2>\t\t<\/div>\n\t\t\t\t<\/div>\n\t\t\t\t<div class=\"elementor-element elementor-element-4144265 elementor-widget elementor-widget-text-editor\" data-id=\"4144265\" data-element_type=\"widget\" data-widget_type=\"text-editor.default\">\n\t\t\t\t<div class=\"elementor-widget-container\">\n\t\t\t\t\t\t\t\t<div class=\"elementor-text-editor elementor-clearfix\">\n\t\t\t\t<p>Mantente al d\u00eda de las \u00faltimas noticias y ense\u00f1anzas de la Tradici\u00f3n Sakya<\/p>\t\t\t\t\t<\/div>\n\t\t\t\t\t\t<\/div>\n\t\t\t\t<\/div>\n\t\t\t\t<div class=\"elementor-element elementor-element-17f5c34c elementor-align-center elementor-widget elementor-widget-button\" data-id=\"17f5c34c\" data-element_type=\"widget\" data-widget_type=\"button.default\">\n\t\t\t\t<div class=\"elementor-widget-container\">\n\t\t\t\t\t<div class=\"elementor-button-wrapper\">\n\t\t\t<a href=\"https:\/\/sakyatradition.org\/es\/e-news-subscribe\/\" class=\"elementor-button-link elementor-button elementor-size-xs\" role=\"button\">\n\t\t\t\t\t\t<span class=\"elementor-button-content-wrapper\">\n\t\t\t\t\t\t<span class=\"elementor-button-text\">\u00danete a nosotros<\/span>\n\t\t<\/span>\n\t\t\t\t\t<\/a>\n\t\t<\/div>\n\t\t\t\t<\/div>\n\t\t\t\t<\/div>\n\t\t\t\t\t\t<\/div>\n\t\t\t\t\t<\/div>\n\t\t<\/div>\n\t\t\t\t\t\t\t\t<\/div>\n\t\t\t\t\t<\/div>\n\t\t<\/section>\n\t\t\t\t\t\t<\/div>\n\t\t\t\t\t\t<\/div>\n\t\t\t\t\t<\/div>","protected":false},"excerpt":{"rendered":"<p>Subscribe To Our Newsletter Keep-to-date with the latest news and teachings of the Sakya Tradition Join Us Now [&#8230;]<\/p>\n<p><a class=\"btn btn-secondary understrap-read-more-link\" href=\"https:\/\/sakyatradition.org\/es\/the-enthronement-ceremony-of-his-holiness-the-43rd-sakya-trizin\/\">Read More&#8230;<\/a><\/p>","protected":false},"author":5,"featured_media":0,"parent":114,"menu_order":2,"comment_status":"closed","ping_status":"closed","template":"elementor_header_footer","meta":{"_relevanssi_hide_post":"","_relevanssi_pin_for_all":"","_relevanssi_pin_keywords":"","_relevanssi_unpin_keywords":"","_relevanssi_related_keywords":"","_relevanssi_related_include_ids":"","_relevanssi_related_exclude_ids":"","_relevanssi_related_no_append":"","_relevanssi_related_not_related":"","_relevanssi_related_posts":"35,54,752,31,12,15","_relevanssi_noindex_reason":""},"_links":{"self":[{"href":"https:\/\/sakyatradition.org\/es\/wp-json\/wp\/v2\/pages\/10968"}],"collection":[{"href":"https:\/\/sakyatradition.org\/es\/wp-json\/wp\/v2\/pages"}],"about":[{"href":"https:\/\/sakyatradition.org\/es\/wp-json\/wp\/v2\/types\/page"}],"author":[{"embeddable":true,"href":"https:\/\/sakyatradition.org\/es\/wp-json\/wp\/v2\/users\/5"}],"replies":[{"embeddable":true,"href":"https:\/\/sakyatradition.org\/es\/wp-json\/wp\/v2\/comments?post=10968"}],"version-history":[{"count":6,"href":"https:\/\/sakyatradition.org\/es\/wp-json\/wp\/v2\/pages\/10968\/revisions"}],"predecessor-version":[{"id":10974,"href":"https:\/\/sakyatradition.org\/es\/wp-json\/wp\/v2\/pages\/10968\/revisions\/10974"}],"up":[{"embeddable":true,"href":"https:\/\/sakyatradition.org\/es\/wp-json\/wp\/v2\/pages\/114"}],"wp:attachment":[{"href":"https:\/\/sakyatradition.org\/es\/wp-json\/wp\/v2\/media?parent=10968"}],"curies":[{"name":"wp","href":"https:\/\/api.w.org\/{rel}","templated":true}]}}