{"id":1106,"date":"2021-02-10T05:25:52","date_gmt":"2021-02-10T05:25:52","guid":{"rendered":"https:\/\/dev.sakyatradition.org\/?page_id=1106"},"modified":"2022-03-17T16:34:13","modified_gmt":"2022-03-17T16:34:13","slug":"be-part-of-us","status":"publish","type":"page","link":"https:\/\/sakyatradition.org\/es\/be-part-of-us\/","title":{"rendered":"Ofrecer su talento y sus habilidades"},"content":{"rendered":"<div data-elementor-type=\"wp-page\" data-elementor-id=\"1106\" class=\"elementor elementor-1106\" data-elementor-settings=\"[]\">\n\t\t\t\t\t\t<div class=\"elementor-inner\">\n\t\t\t\t\t\t\t<div class=\"elementor-section-wrap\">\n\t\t\t\t\t\t\t<section class=\"elementor-section elementor-top-section elementor-element elementor-element-f88df5e elementor-section-boxed elementor-section-height-default elementor-section-height-default\" data-id=\"f88df5e\" data-element_type=\"section\">\n\t\t\t\t\t\t<div class=\"elementor-container elementor-column-gap-default\">\n\t\t\t\t\t\t\t<div class=\"elementor-row\">\n\t\t\t\t\t<div class=\"elementor-column elementor-col-100 elementor-top-column elementor-element elementor-element-b2f308e\" data-id=\"b2f308e\" data-element_type=\"column\">\n\t\t\t<div class=\"elementor-column-wrap\">\n\t\t\t\t\t\t\t<div class=\"elementor-widget-wrap\">\n\t\t\t\t\t\t\t\t<\/div>\n\t\t\t\t\t<\/div>\n\t\t<\/div>\n\t\t\t\t\t\t\t\t<\/div>\n\t\t\t\t\t<\/div>\n\t\t<\/section>\n\t\t\t\t<section class=\"elementor-section elementor-top-section elementor-element elementor-element-f52a1f7 elementor-section-height-min-height elementor-section-boxed elementor-section-height-default elementor-section-items-middle\" data-id=\"f52a1f7\" data-element_type=\"section\" data-settings=\"{&quot;background_background&quot;:&quot;classic&quot;}\">\n\t\t\t\t\t\t<div class=\"elementor-container elementor-column-gap-default\">\n\t\t\t\t\t\t\t<div class=\"elementor-row\">\n\t\t\t\t\t<div class=\"elementor-column elementor-col-100 elementor-top-column elementor-element elementor-element-78e40ca4\" data-id=\"78e40ca4\" data-element_type=\"column\">\n\t\t\t<div class=\"elementor-column-wrap elementor-element-populated\">\n\t\t\t\t\t\t\t<div class=\"elementor-widget-wrap\">\n\t\t\t\t\t\t\t\t<\/div>\n\t\t\t\t\t<\/div>\n\t\t<\/div>\n\t\t\t\t\t\t\t\t<\/div>\n\t\t\t\t\t<\/div>\n\t\t<\/section>\n\t\t\t\t<section class=\"elementor-section elementor-top-section elementor-element elementor-element-5a4d6358 elementor-section-boxed elementor-section-height-default elementor-section-height-default\" data-id=\"5a4d6358\" data-element_type=\"section\">\n\t\t\t\t\t\t<div class=\"elementor-container elementor-column-gap-default\">\n\t\t\t\t\t\t\t<div class=\"elementor-row\">\n\t\t\t\t\t<div class=\"elementor-column elementor-col-100 elementor-top-column elementor-element elementor-element-5d01037\" data-id=\"5d01037\" data-element_type=\"column\">\n\t\t\t<div class=\"elementor-column-wrap elementor-element-populated\">\n\t\t\t\t\t\t\t<div class=\"elementor-widget-wrap\">\n\t\t\t\t\t\t<div class=\"elementor-element elementor-element-7ee372c elementor-widget elementor-widget-heading\" data-id=\"7ee372c\" data-element_type=\"widget\" data-widget_type=\"heading.default\">\n\t\t\t\t<div class=\"elementor-widget-container\">\n\t\t\t<h2 class=\"elementor-heading-title elementor-size-default\">Usted es la base de nuestra misi\u00f3n.<\/h2>\t\t<\/div>\n\t\t\t\t<\/div>\n\t\t\t\t\t\t<\/div>\n\t\t\t\t\t<\/div>\n\t\t<\/div>\n\t\t\t\t\t\t\t\t<\/div>\n\t\t\t\t\t<\/div>\n\t\t<\/section>\n\t\t\t\t<section class=\"elementor-section elementor-top-section elementor-element elementor-element-1f1b4823 elementor-section-boxed elementor-section-height-default elementor-section-height-default\" data-id=\"1f1b4823\" data-element_type=\"section\">\n\t\t\t\t\t\t<div class=\"elementor-container elementor-column-gap-default\">\n\t\t\t\t\t\t\t<div class=\"elementor-row\">\n\t\t\t\t\t<div class=\"elementor-column elementor-col-50 elementor-top-column elementor-element elementor-element-3b1813ab\" data-id=\"3b1813ab\" data-element_type=\"column\">\n\t\t\t<div class=\"elementor-column-wrap elementor-element-populated\">\n\t\t\t\t\t\t\t<div class=\"elementor-widget-wrap\">\n\t\t\t\t\t\t<div class=\"elementor-element elementor-element-24cbd6d elementor-widget elementor-widget-text-editor\" data-id=\"24cbd6d\" data-element_type=\"widget\" data-widget_type=\"text-editor.default\">\n\t\t\t\t<div class=\"elementor-widget-container\">\n\t\t\t\t\t\t\t\t<div class=\"elementor-text-editor elementor-clearfix\">\n\t\t\t\t<p>Help us in our efforts to preserve and disseminate the precious teachings of the Sakya lineage.<\/p><p><strong>Particulares: \u00bfDesea unirse a nuestro equipo y formar parte de nosotros?<\/strong><\/p><p>Si est\u00e1s interesado en unirte a nuestra misi\u00f3n de preservar, traducir y promover las ense\u00f1anzas Sakya, env\u00edanos un correo electr\u00f3nico. Buscamos constantemente voluntarios apasionados, biling\u00fces o con conocimientos y experiencia en inform\u00e1tica, edici\u00f3n, fotograf\u00eda, redes sociales, etc.<\/p><p><strong>Centros u organizaciones de Dharma: <br \/>\u00bfInteresado en imprimir las Ense\u00f1anzas de los Sakya?<\/strong><\/p><p>Estamos encantados de colaborar con centros Dharma u Organizaciones Budistas de todo el mundo para promover juntos las ense\u00f1anzas de la Tradici\u00f3n Sakya, especialmente las ense\u00f1anzas de Sus Santidades para fines no comerciales (consulte nuestra declaraci\u00f3n de licencia com\u00fan creativa).<\/p><p><strong>Aprendamos y crezcamos juntos, en beneficio de todos los seres sensibles.<\/strong><\/p><p>Env\u00edenos un correo electr\u00f3nico a:\u00a0<a href=\"mailto:info@sakyatradition.org?trp-edit-translation=preview\" target=\"_self\" data-trp-translate-id-href=\"281\" data-trp-node-group-href=\"String List\" data-trp-original-href=\"mailto:info@sakyatradition.org\" data-trp-original-target=\"_self\">info@sakyatradition.org<\/a><\/p>\t\t\t\t\t<\/div>\n\t\t\t\t\t\t<\/div>\n\t\t\t\t<\/div>\n\t\t\t\t\t\t<\/div>\n\t\t\t\t\t<\/div>\n\t\t<\/div>\n\t\t\t\t<div class=\"elementor-column elementor-col-50 elementor-top-column elementor-element elementor-element-5d34a520\" data-id=\"5d34a520\" data-element_type=\"column\">\n\t\t\t<div class=\"elementor-column-wrap elementor-element-populated\">\n\t\t\t\t\t\t\t<div class=\"elementor-widget-wrap\">\n\t\t\t\t\t\t<div class=\"elementor-element elementor-element-31ecd13d elementor-widget elementor-widget-image\" data-id=\"31ecd13d\" data-element_type=\"widget\" data-widget_type=\"image.default\">\n\t\t\t\t<div class=\"elementor-widget-container\">\n\t\t\t\t\t\t\t\t<div class=\"elementor-image\">\n\t\t\t\t\t\t\t\t\t\t\t\t<img width=\"640\" height=\"688\" src=\"https:\/\/sakyatradition.org\/wp-content\/uploads\/2022\/03\/007ixeyQgy1gzx7xz5g8lj31bu1kwqn9-952x1024.jpg\" class=\"attachment-large size-large\" alt=\"sakya Tradition\" loading=\"lazy\" srcset=\"https:\/\/sakyatradition.org\/wp-content\/uploads\/2022\/03\/007ixeyQgy1gzx7xz5g8lj31bu1kwqn9-952x1024.jpg 952w, https:\/\/sakyatradition.org\/wp-content\/uploads\/2022\/03\/007ixeyQgy1gzx7xz5g8lj31bu1kwqn9-279x300.jpg 279w, https:\/\/sakyatradition.org\/wp-content\/uploads\/2022\/03\/007ixeyQgy1gzx7xz5g8lj31bu1kwqn9-768x826.jpg 768w, https:\/\/sakyatradition.org\/wp-content\/uploads\/2022\/03\/007ixeyQgy1gzx7xz5g8lj31bu1kwqn9-1427x1536.jpg 1427w, https:\/\/sakyatradition.org\/wp-content\/uploads\/2022\/03\/007ixeyQgy1gzx7xz5g8lj31bu1kwqn9-11x12.jpg 11w, https:\/\/sakyatradition.org\/wp-content\/uploads\/2022\/03\/007ixeyQgy1gzx7xz5g8lj31bu1kwqn9.jpg 1722w\" sizes=\"(max-width: 640px) 100vw, 640px\" \/>\t\t\t\t\t\t\t\t\t\t\t\t\t\t<\/div>\n\t\t\t\t\t\t<\/div>\n\t\t\t\t<\/div>\n\t\t\t\t\t\t<\/div>\n\t\t\t\t\t<\/div>\n\t\t<\/div>\n\t\t\t\t\t\t\t\t<\/div>\n\t\t\t\t\t<\/div>\n\t\t<\/section>\n\t\t\t\t<section class=\"elementor-section elementor-top-section elementor-element elementor-element-1494f95e elementor-section-boxed elementor-section-height-default elementor-section-height-default\" data-id=\"1494f95e\" data-element_type=\"section\">\n\t\t\t\t\t\t<div class=\"elementor-container elementor-column-gap-default\">\n\t\t\t\t\t\t\t<div class=\"elementor-row\">\n\t\t\t\t\t<div class=\"elementor-column elementor-col-100 elementor-top-column elementor-element elementor-element-39f6784f\" data-id=\"39f6784f\" data-element_type=\"column\">\n\t\t\t<div class=\"elementor-column-wrap elementor-element-populated\">\n\t\t\t\t\t\t\t<div class=\"elementor-widget-wrap\">\n\t\t\t\t\t\t<div class=\"elementor-element elementor-element-8431906 elementor-widget elementor-widget-spacer\" data-id=\"8431906\" data-element_type=\"widget\" data-widget_type=\"spacer.default\">\n\t\t\t\t<div class=\"elementor-widget-container\">\n\t\t\t\t\t<div class=\"elementor-spacer\">\n\t\t\t<div class=\"elementor-spacer-inner\"><\/div>\n\t\t<\/div>\n\t\t\t\t<\/div>\n\t\t\t\t<\/div>\n\t\t\t\t\t\t<\/div>\n\t\t\t\t\t<\/div>\n\t\t<\/div>\n\t\t\t\t\t\t\t\t<\/div>\n\t\t\t\t\t<\/div>\n\t\t<\/section>\n\t\t\t\t<section class=\"elementor-section elementor-top-section elementor-element elementor-element-ce3cc98 elementor-section-content-middle elementor-section-boxed elementor-section-height-default elementor-section-height-default\" data-id=\"ce3cc98\" data-element_type=\"section\" data-settings=\"{&quot;background_background&quot;:&quot;classic&quot;}\">\n\t\t\t\t\t\t\t<div class=\"elementor-background-overlay\"><\/div>\n\t\t\t\t\t\t\t<div class=\"elementor-container elementor-column-gap-no\">\n\t\t\t\t\t\t\t<div class=\"elementor-row\">\n\t\t\t\t\t<div class=\"elementor-column elementor-col-100 elementor-top-column elementor-element elementor-element-aea5ff4\" data-id=\"aea5ff4\" data-element_type=\"column\">\n\t\t\t<div class=\"elementor-column-wrap elementor-element-populated\">\n\t\t\t\t\t\t\t<div class=\"elementor-widget-wrap\">\n\t\t\t\t\t\t<div class=\"elementor-element elementor-element-a057c10 elementor-widget elementor-widget-heading\" data-id=\"a057c10\" data-element_type=\"widget\" data-widget_type=\"heading.default\">\n\t\t\t\t<div class=\"elementor-widget-container\">\n\t\t\t<h2 class=\"elementor-heading-title elementor-size-default\">Suscr\u00edbase a nuestro bolet\u00edn<\/h2>\t\t<\/div>\n\t\t\t\t<\/div>\n\t\t\t\t<div class=\"elementor-element elementor-element-8be3d0b elementor-widget elementor-widget-text-editor\" data-id=\"8be3d0b\" data-element_type=\"widget\" data-widget_type=\"text-editor.default\">\n\t\t\t\t<div class=\"elementor-widget-container\">\n\t\t\t\t\t\t\t\t<div class=\"elementor-text-editor elementor-clearfix\">\n\t\t\t\t<p>Mantente al d\u00eda de las \u00faltimas noticias y ense\u00f1anzas de la Tradici\u00f3n Sakya<\/p>\t\t\t\t\t<\/div>\n\t\t\t\t\t\t<\/div>\n\t\t\t\t<\/div>\n\t\t\t\t<div class=\"elementor-element elementor-element-6e92197 elementor-align-center elementor-widget elementor-widget-button\" data-id=\"6e92197\" data-element_type=\"widget\" data-widget_type=\"button.default\">\n\t\t\t\t<div class=\"elementor-widget-container\">\n\t\t\t\t\t<div class=\"elementor-button-wrapper\">\n\t\t\t<a href=\"https:\/\/sakyatradition.org\/es\/e-news-subscribe\/\" class=\"elementor-button-link elementor-button elementor-size-xs\" role=\"button\">\n\t\t\t\t\t\t<span class=\"elementor-button-content-wrapper\">\n\t\t\t\t\t\t<span class=\"elementor-button-text\">\u00danete a nosotros<\/span>\n\t\t<\/span>\n\t\t\t\t\t<\/a>\n\t\t<\/div>\n\t\t\t\t<\/div>\n\t\t\t\t<\/div>\n\t\t\t\t\t\t<\/div>\n\t\t\t\t\t<\/div>\n\t\t<\/div>\n\t\t\t\t\t\t\t\t<\/div>\n\t\t\t\t\t<\/div>\n\t\t<\/section>\n\t\t\t\t\t\t<\/div>\n\t\t\t\t\t\t<\/div>\n\t\t\t\t\t<\/div>","protected":false},"excerpt":{"rendered":"<p>You are the foundation of our mission. Help us in our efforts to preserve and disseminate the precious teachings of the Sakya lineage. Individuals: Wish To Join Our Team and Be Part of Us? If you are interested in joining our mission to preserve, translate and promote the Sakya teachings, send us an email. We [&#8230;]<\/p>\n<p><a class=\"btn btn-secondary understrap-read-more-link\" href=\"https:\/\/sakyatradition.org\/es\/be-part-of-us\/\">Read More&#8230;<\/a><\/p>","protected":false},"author":1,"featured_media":0,"parent":0,"menu_order":0,"comment_status":"closed","ping_status":"closed","template":"elementor_header_footer","meta":{"_relevanssi_hide_post":"","_relevanssi_pin_for_all":"","_relevanssi_pin_keywords":"","_relevanssi_unpin_keywords":"","_relevanssi_related_keywords":"","_relevanssi_related_include_ids":"","_relevanssi_related_exclude_ids":"","_relevanssi_related_no_append":"","_relevanssi_related_not_related":"","_relevanssi_related_posts":"55,35,60,39,9,31","_relevanssi_noindex_reason":""},"_links":{"self":[{"href":"https:\/\/sakyatradition.org\/es\/wp-json\/wp\/v2\/pages\/1106"}],"collection":[{"href":"https:\/\/sakyatradition.org\/es\/wp-json\/wp\/v2\/pages"}],"about":[{"href":"https:\/\/sakyatradition.org\/es\/wp-json\/wp\/v2\/types\/page"}],"author":[{"embeddable":true,"href":"https:\/\/sakyatradition.org\/es\/wp-json\/wp\/v2\/users\/1"}],"replies":[{"embeddable":true,"href":"https:\/\/sakyatradition.org\/es\/wp-json\/wp\/v2\/comments?post=1106"}],"version-history":[{"count":41,"href":"https:\/\/sakyatradition.org\/es\/wp-json\/wp\/v2\/pages\/1106\/revisions"}],"predecessor-version":[{"id":9522,"href":"https:\/\/sakyatradition.org\/es\/wp-json\/wp\/v2\/pages\/1106\/revisions\/9522"}],"wp:attachment":[{"href":"https:\/\/sakyatradition.org\/es\/wp-json\/wp\/v2\/media?parent=1106"}],"curies":[{"name":"wp","href":"https:\/\/api.w.org\/{rel}","templated":true}]}}