{"id":2847,"date":"2021-09-25T11:26:37","date_gmt":"2021-09-25T11:26:37","guid":{"rendered":"https:\/\/dev.sakyatradition.org\/?page_id=2847"},"modified":"2022-03-23T19:37:21","modified_gmt":"2022-03-23T19:37:21","slug":"sakya-dolma-phodrang","status":"publish","type":"page","link":"https:\/\/sakyatradition.org\/es\/biographies-categories\/sakya-dolma-phodrang\/","title":{"rendered":"Sakya Dolma Phodrang"},"content":{"rendered":"<div class=\"wp-block-columns\">\n<div class=\"wp-block-column\" style=\"flex-basis:66.66%\">\n<p>Sakya Dolma Phodrang es una de las dos ramas del linaje familiar Kh\u00f6n de la Orden Sakya. Tambi\u00e9n era el nombre de su residencia f\u00edsica o palacio (tib. podrang) en el T\u00edbet. El Sakya Dolma Phodrang fue fundado por Pema D\u00fcdul Wangchuk, el trig\u00e9simo tercer titular del trono sakya. Era el hijo mayor de Jamg\u00f6n Wangd\u00fc Nyingpo (trig\u00e9simo segundo titular del trono sakya).<\/p>\n<\/div>\n\n\n\n<div class=\"wp-block-column\" style=\"flex-basis:33.33%\"><\/div>\n<\/div>","protected":false},"excerpt":{"rendered":"<p>Sakya Dolma Phodrang is one of the two branches of the Kh\u00f6n family\u00a0lineage of the Sakya\u00a0Order. It was also the name for its physical residence or palace (Tib.\u00a0podrang) in Tibet. The Sakya Dolma Phodrang was founded by Pema D\u00fcdul Wangchuk, the thirty-third Sakya throneholder. He was the eldest son of Jamg\u00f6n Wangd\u00fc Nyingpo (the thirty-second [&#8230;]<\/p>\n<p><a class=\"btn btn-secondary understrap-read-more-link\" href=\"https:\/\/sakyatradition.org\/es\/biographies-categories\/sakya-dolma-phodrang\/\">Read More&#8230;<\/a><\/p>","protected":false},"author":3,"featured_media":0,"parent":2868,"menu_order":0,"comment_status":"closed","ping_status":"closed","template":"tmpl-biographies_hierarchy.php","meta":{"_relevanssi_hide_post":"","_relevanssi_pin_for_all":"","_relevanssi_pin_keywords":"","_relevanssi_unpin_keywords":"","_relevanssi_related_keywords":"","_relevanssi_related_include_ids":"","_relevanssi_related_exclude_ids":"","_relevanssi_related_no_append":"","_relevanssi_related_not_related":"","_relevanssi_related_posts":"9393,9403,9409,33,12,60","_relevanssi_noindex_reason":""},"_links":{"self":[{"href":"https:\/\/sakyatradition.org\/es\/wp-json\/wp\/v2\/pages\/2847"}],"collection":[{"href":"https:\/\/sakyatradition.org\/es\/wp-json\/wp\/v2\/pages"}],"about":[{"href":"https:\/\/sakyatradition.org\/es\/wp-json\/wp\/v2\/types\/page"}],"author":[{"embeddable":true,"href":"https:\/\/sakyatradition.org\/es\/wp-json\/wp\/v2\/users\/3"}],"replies":[{"embeddable":true,"href":"https:\/\/sakyatradition.org\/es\/wp-json\/wp\/v2\/comments?post=2847"}],"version-history":[{"count":15,"href":"https:\/\/sakyatradition.org\/es\/wp-json\/wp\/v2\/pages\/2847\/revisions"}],"predecessor-version":[{"id":10716,"href":"https:\/\/sakyatradition.org\/es\/wp-json\/wp\/v2\/pages\/2847\/revisions\/10716"}],"up":[{"embeddable":true,"href":"https:\/\/sakyatradition.org\/es\/wp-json\/wp\/v2\/pages\/2868"}],"wp:attachment":[{"href":"https:\/\/sakyatradition.org\/es\/wp-json\/wp\/v2\/media?parent=2847"}],"curies":[{"name":"wp","href":"https:\/\/api.w.org\/{rel}","templated":true}]}}