{"id":2850,"date":"2021-09-25T11:27:38","date_gmt":"2021-09-25T11:27:38","guid":{"rendered":"https:\/\/dev.sakyatradition.org\/?page_id=2850"},"modified":"2022-03-23T19:39:31","modified_gmt":"2022-03-23T19:39:31","slug":"lamdre-lineage","status":"publish","type":"page","link":"https:\/\/sakyatradition.org\/es\/biographies-categories\/lamdre-lineage\/","title":{"rendered":"Linaje Lamdr\u00e9"},"content":{"rendered":"<div class=\"wp-block-columns\">\n<div class=\"wp-block-column\" style=\"flex-basis:66.66%\">\n<p>Lamdr\u00e9 (Skt. m\u0101rgaphala; Tib. \u0f63\u0f58\u0f0b\u0f60\u0f56\u0fb2\u0f66\u0f0b), which means the &#8216;Path with the Result&#8217; instructions, is related to the deity Hevajra. These are the highest teachings within the Sakya school. Later, Lamdr\u00e9 developed into two major lines of transmissions: Lamdr\u00e9 Tsogshed (the general presentation of the teachings for the assemblies), and Lamdr\u00e9 Lobshed (the secret presentation for private disciples).<\/p>\n<\/div>\n\n\n\n<div class=\"wp-block-column\" style=\"flex-basis:33.33%\"><\/div>\n<\/div>","protected":false},"excerpt":{"rendered":"<p>Lamdr\u00e9 (Skt. m\u0101rgaphala; Tib. \u0f63\u0f58\u0f0b\u0f60\u0f56\u0fb2\u0f66\u0f0b), which means the &#8216;Path with the Result&#8217; instructions, is related to the deity Hevajra. These are the highest teachings within the Sakya school. Later, Lamdr\u00e9 developed into two major lines of transmissions: Lamdr\u00e9 Tsogshed (the general presentation of the teachings for the assemblies), and Lamdr\u00e9 Lobshed (the secret presentation for [&#8230;]<\/p>\n<p><a class=\"btn btn-secondary understrap-read-more-link\" href=\"https:\/\/sakyatradition.org\/es\/biographies-categories\/lamdre-lineage\/\">Read More&#8230;<\/a><\/p>","protected":false},"author":3,"featured_media":5044,"parent":2868,"menu_order":0,"comment_status":"closed","ping_status":"closed","template":"tmpl-biographies_hierarchy.php","meta":{"_relevanssi_hide_post":"","_relevanssi_pin_for_all":"","_relevanssi_pin_keywords":"","_relevanssi_unpin_keywords":"","_relevanssi_related_keywords":"","_relevanssi_related_include_ids":"","_relevanssi_related_exclude_ids":"","_relevanssi_related_no_append":"","_relevanssi_related_not_related":"","_relevanssi_related_posts":"1,55,19,752,33,15","_relevanssi_noindex_reason":""},"_links":{"self":[{"href":"https:\/\/sakyatradition.org\/es\/wp-json\/wp\/v2\/pages\/2850"}],"collection":[{"href":"https:\/\/sakyatradition.org\/es\/wp-json\/wp\/v2\/pages"}],"about":[{"href":"https:\/\/sakyatradition.org\/es\/wp-json\/wp\/v2\/types\/page"}],"author":[{"embeddable":true,"href":"https:\/\/sakyatradition.org\/es\/wp-json\/wp\/v2\/users\/3"}],"replies":[{"embeddable":true,"href":"https:\/\/sakyatradition.org\/es\/wp-json\/wp\/v2\/comments?post=2850"}],"version-history":[{"count":11,"href":"https:\/\/sakyatradition.org\/es\/wp-json\/wp\/v2\/pages\/2850\/revisions"}],"predecessor-version":[{"id":10719,"href":"https:\/\/sakyatradition.org\/es\/wp-json\/wp\/v2\/pages\/2850\/revisions\/10719"}],"up":[{"embeddable":true,"href":"https:\/\/sakyatradition.org\/es\/wp-json\/wp\/v2\/pages\/2868"}],"wp:featuredmedia":[{"embeddable":true,"href":"https:\/\/sakyatradition.org\/es\/wp-json\/wp\/v2\/media\/5044"}],"wp:attachment":[{"href":"https:\/\/sakyatradition.org\/es\/wp-json\/wp\/v2\/media?parent=2850"}],"curies":[{"name":"wp","href":"https:\/\/api.w.org\/{rel}","templated":true}]}}