{"id":2854,"date":"2021-09-25T11:28:38","date_gmt":"2021-09-25T11:28:38","guid":{"rendered":"https:\/\/dev.sakyatradition.org\/?page_id=2854"},"modified":"2022-03-23T19:35:59","modified_gmt":"2022-03-23T19:35:59","slug":"four-great-lotsawas","status":"publish","type":"page","link":"https:\/\/sakyatradition.org\/es\/biographies-categories\/four-great-lotsawas\/","title":{"rendered":"Los Cuatro Grandes Traductores"},"content":{"rendered":"<p><\/p>\n\n\n\n<div class=\"wp-block-columns\">\n<div class=\"wp-block-column\" style=\"flex-basis:66.66%\">\n<p class=\" translation-block\">El t\u00e9rmino \u201cSakyapa\u201d se refiere a alguien que posee el linaje de los cuatro grandes traductores. Dado que el budismo llego de la India al T\u00edbet las ense\u00f1anzas tuvieron que ser traducidas, y las ense\u00f1anzas que provienen de dichos traductores son consideradas muy puras y aut\u00e9nticas.--Su Santidad el Sakya Trichen<\/p>\n<\/div>\n\n\n\n<div class=\"wp-block-column\" style=\"flex-basis:33.33%\"><\/div>\n<\/div>\n\n\n\n<p><\/p>","protected":false},"excerpt":{"rendered":"<p>&#8220;Sakyapa means one who holds the lineage of the four great lots\u0101was or translators. Buddhism arrived from India to Tibet, hence the teachings had to come through the translators. Teachings that came from the translators are considered very pure and authentic. There were four great translators.&#8221; &#8211;H.H. the Sakya Trichen [&#8230;]<\/p>\n<p><a class=\"btn btn-secondary understrap-read-more-link\" href=\"https:\/\/sakyatradition.org\/es\/biographies-categories\/four-great-lotsawas\/\">Read More&#8230;<\/a><\/p>","protected":false},"author":3,"featured_media":0,"parent":2868,"menu_order":0,"comment_status":"closed","ping_status":"closed","template":"tmpl-biographies_hierarchy.php","meta":{"_relevanssi_hide_post":"","_relevanssi_pin_for_all":"","_relevanssi_pin_keywords":"","_relevanssi_unpin_keywords":"","_relevanssi_related_keywords":"","_relevanssi_related_include_ids":"","_relevanssi_related_exclude_ids":"","_relevanssi_related_no_append":"","_relevanssi_related_not_related":"","_relevanssi_related_posts":"33,12,9,60,19,6","_relevanssi_noindex_reason":""},"_links":{"self":[{"href":"https:\/\/sakyatradition.org\/es\/wp-json\/wp\/v2\/pages\/2854"}],"collection":[{"href":"https:\/\/sakyatradition.org\/es\/wp-json\/wp\/v2\/pages"}],"about":[{"href":"https:\/\/sakyatradition.org\/es\/wp-json\/wp\/v2\/types\/page"}],"author":[{"embeddable":true,"href":"https:\/\/sakyatradition.org\/es\/wp-json\/wp\/v2\/users\/3"}],"replies":[{"embeddable":true,"href":"https:\/\/sakyatradition.org\/es\/wp-json\/wp\/v2\/comments?post=2854"}],"version-history":[{"count":7,"href":"https:\/\/sakyatradition.org\/es\/wp-json\/wp\/v2\/pages\/2854\/revisions"}],"predecessor-version":[{"id":10715,"href":"https:\/\/sakyatradition.org\/es\/wp-json\/wp\/v2\/pages\/2854\/revisions\/10715"}],"up":[{"embeddable":true,"href":"https:\/\/sakyatradition.org\/es\/wp-json\/wp\/v2\/pages\/2868"}],"wp:attachment":[{"href":"https:\/\/sakyatradition.org\/es\/wp-json\/wp\/v2\/media?parent=2854"}],"curies":[{"name":"wp","href":"https:\/\/api.w.org\/{rel}","templated":true}]}}