{"id":6448,"date":"2021-12-25T13:06:19","date_gmt":"2021-12-25T13:06:19","guid":{"rendered":"https:\/\/dev.sakyatradition.org\/?page_id=6448"},"modified":"2022-03-17T19:11:18","modified_gmt":"2022-03-17T19:11:18","slug":"current-ngorpa-lineage-holders","status":"publish","type":"page","link":"https:\/\/sakyatradition.org\/zh\/biographies-categories\/current-ngorpa-lineage-holders\/","title":{"rendered":"\u73fe\u4ee3\u4fc4\u6d3e\u50b3\u627f\u6301\u6709\u8005"},"content":{"rendered":"<p>\u57281429\u5e74\uff0c\u4fc4\u5bfa\u7531\u4fc4\u5343\u00b7\u8ca2\u560e\u6851\u6ce2\u5efa\u7acb\u3002\u7b2c\u4e00\u5bb6\u4fc4\u5bfa\u4f4d\u65bc\u5f8c\u85cf\u5730\u5340\uff0c\u8ddd\u96e2\u65e5\u5580\u5247\u7d0412\u82f1\u91cc\u3002\u57281978\u5e74\uff0c\u4fc4\u5bfa\u7b2c75\u4efb\u6cd5\u4e3b\u2014\u2014\u5c0a\u8cb4\u7684\u797f\u9802\u582a\u5343\u4ec1\u6ce2\u5207\uff0c\u4e5f\u662f\u76ee\u524d\u4fc4\u5bfa\u7684\u73fe\u4efb\u8ca0\u8cac\u4eba\uff0c\u5728\u5370\u5ea6\u66fc\u90fd\u74e6\u62c9\u91cd\u65b0\u5efa\u7acb\u4fc4\u5bfa\u3002<\/p>\n\n\n\n<p>\u4fc4\u5bfa\u7531\u56db\u500b\u62c9\u7ae0\uff08\u5373\u5bae\u3001\u5bfa\u9662\u6700\u9ad8\u4e3b\u6301\u7684\u5e9c\u90b8\uff09\u7d44\u6210\uff0c\u5b83\u5011\u662f\u797f\u9802\u3001\u5eb7\u85a9\u3001\u5854\u6fa4\uff0c\u4ee5\u53ca\u904d\u5fb7\u3002\u50b3\u7d71\u4e0a\uff0c\u56db\u4f4d\u62c9\u7ae0\u5171\u540c\u64d4\u4efb\u4f4f\u6301\uff0c\u5171\u540c\u9818\u5c0e\u5bfa\u9662\u7684\u7cbe\u795e\u548c\u884c\u653f\u6d3b\u52d5\u3002<\/p>","protected":false},"excerpt":{"rendered":"<p>Ngor Monastery or Ngor \u00c9wam Ch\u00f6den was founded by Ngorchen Kunga Zangpo in 1429. The first Ngor Monastery is located in the \u00dc-Tsang province of Tibet about 12 miles southwest of Shigatse. His Eminence Luding Khenchen Rinpoche, the 75th abbot of Ngor Monastery and present head of Ngor, re-established Ngor Monastery in Manduwala, India in [&#8230;]<\/p>\n<p><a class=\"btn btn-secondary understrap-read-more-link\" href=\"https:\/\/sakyatradition.org\/zh\/biographies-categories\/current-ngorpa-lineage-holders\/\">Read More&#8230;<\/a><\/p>","protected":false},"author":5,"featured_media":8735,"parent":2868,"menu_order":0,"comment_status":"closed","ping_status":"closed","template":"tmpl-biographies_hierarchy.php","meta":{"_relevanssi_hide_post":"","_relevanssi_pin_for_all":"","_relevanssi_pin_keywords":"","_relevanssi_unpin_keywords":"","_relevanssi_related_keywords":"","_relevanssi_related_include_ids":"","_relevanssi_related_exclude_ids":"","_relevanssi_related_no_append":"","_relevanssi_related_not_related":"","_relevanssi_related_posts":"19,1,55,752,12,60","_relevanssi_noindex_reason":""},"_links":{"self":[{"href":"https:\/\/sakyatradition.org\/zh\/wp-json\/wp\/v2\/pages\/6448"}],"collection":[{"href":"https:\/\/sakyatradition.org\/zh\/wp-json\/wp\/v2\/pages"}],"about":[{"href":"https:\/\/sakyatradition.org\/zh\/wp-json\/wp\/v2\/types\/page"}],"author":[{"embeddable":true,"href":"https:\/\/sakyatradition.org\/zh\/wp-json\/wp\/v2\/users\/5"}],"replies":[{"embeddable":true,"href":"https:\/\/sakyatradition.org\/zh\/wp-json\/wp\/v2\/comments?post=6448"}],"version-history":[{"count":8,"href":"https:\/\/sakyatradition.org\/zh\/wp-json\/wp\/v2\/pages\/6448\/revisions"}],"predecessor-version":[{"id":9605,"href":"https:\/\/sakyatradition.org\/zh\/wp-json\/wp\/v2\/pages\/6448\/revisions\/9605"}],"up":[{"embeddable":true,"href":"https:\/\/sakyatradition.org\/zh\/wp-json\/wp\/v2\/pages\/2868"}],"wp:featuredmedia":[{"embeddable":true,"href":"https:\/\/sakyatradition.org\/zh\/wp-json\/wp\/v2\/media\/8735"}],"wp:attachment":[{"href":"https:\/\/sakyatradition.org\/zh\/wp-json\/wp\/v2\/media?parent=6448"}],"curies":[{"name":"wp","href":"https:\/\/api.w.org\/{rel}","templated":true}]}}